{"id":4306,"date":"2025-06-06T15:01:57","date_gmt":"2025-06-06T15:01:57","guid":{"rendered":"https:\/\/hanielsofia.com\/home-2\/"},"modified":"2025-10-03T16:25:36","modified_gmt":"2025-10-03T16:25:36","slug":"bienvenue","status":"publish","type":"page","link":"https:\/\/hanielsofia.com\/en\/","title":{"rendered":"Home"},"content":{"rendered":"<div data-elementor-type=\"wp-page\" data-elementor-id=\"4306\" class=\"elementor elementor-4306\">\n\t\t\t\t<div class=\"elementor-element elementor-element-27dff4b e-flex e-con-boxed e-con e-parent\" data-id=\"27dff4b\" data-element_type=\"container\">\n\t\t\t\t\t<div class=\"e-con-inner\">\n\t\t\t\t<div class=\"elementor-element elementor-element-69fd1e5 elementor-widget elementor-widget-spacer\" data-id=\"69fd1e5\" data-element_type=\"widget\" data-widget_type=\"spacer.default\">\n\t\t\t\t<div class=\"elementor-widget-container\">\n\t\t\t\t\t\t\t<div class=\"elementor-spacer\">\n\t\t\t<div class=\"elementor-spacer-inner\"><\/div>\n\t\t<\/div>\n\t\t\t\t\t\t<\/div>\n\t\t\t\t<\/div>\n\t\t\t\t\t<\/div>\n\t\t\t\t<\/div>\n\t\t<div class=\"elementor-element elementor-element-5c433e5 e-flex e-con-boxed e-con e-parent\" data-id=\"5c433e5\" data-element_type=\"container\">\n\t\t\t\t\t<div class=\"e-con-inner\">\n\t\t<div class=\"elementor-element elementor-element-8c87b77 e-grid e-con-full e-con e-child\" data-id=\"8c87b77\" data-element_type=\"container\">\n\t\t\t\t<div class=\"elementor-element elementor-element-2a8ed1f elementor-widget elementor-widget-text-editor\" data-id=\"2a8ed1f\" data-element_type=\"widget\" data-widget_type=\"text-editor.default\">\n\t\t\t\t<div class=\"elementor-widget-container\">\n\t\t\t\t\t\t\t\t\t<p><strong>Welcome !<\/strong><\/p><p>Thank you for your interest in my activities. Here you will find the program of workshops and pilgrimages that I offer on the island of Patmos and in Egypt.<\/p><p>Since 2011, I have been living in Patmos, while my winters are spent in Luxor, the jewel of southern Egypt.<\/p>\t\t\t\t\t\t\t\t<\/div>\n\t\t\t\t<\/div>\n\t\t\t\t<div class=\"elementor-element elementor-element-07a1f34 elementor-widget elementor-widget-text-editor\" data-id=\"07a1f34\" data-element_type=\"widget\" data-widget_type=\"text-editor.default\">\n\t\t\t\t<div class=\"elementor-widget-container\">\n\t\t\t\t\t\t\t\t\t<p>I share the knowledge I have acquired throughout a unique and sometimes eventful journey. Life offers us a range of initiatory experiences to live. Our challenge is to give meaning to our trials. It is by drawing on both the roots of Christian tradition and the wisdom-filled teachings of ancient Egypt that I have found my spiritual nourishment and that I continue to marvel and grow a little more each day.<\/p>\t\t\t\t\t\t\t\t<\/div>\n\t\t\t\t<\/div>\n\t\t\t\t<\/div>\n\t\t\t\t\t<\/div>\n\t\t\t\t<\/div>\n\t\t<div class=\"elementor-element elementor-element-c065f02 e-flex e-con-boxed e-con e-parent\" data-id=\"c065f02\" data-element_type=\"container\">\n\t\t\t\t\t<div class=\"e-con-inner\">\n\t\t<div class=\"elementor-element elementor-element-3508ec1 e-con-full e-flex e-con e-child\" data-id=\"3508ec1\" data-element_type=\"container\">\n\t\t\t\t<div class=\"elementor-element elementor-element-62f8e07 elementor-widget elementor-widget-image\" data-id=\"62f8e07\" data-element_type=\"widget\" data-widget_type=\"image.default\">\n\t\t\t\t<div class=\"elementor-widget-container\">\n\t\t\t\t\t\t\t\t\t\t\t\t\t\t\t<img fetchpriority=\"high\" decoding=\"async\" width=\"768\" height=\"1024\" src=\"https:\/\/hanielsofia.com\/wp-content\/uploads\/2025\/06\/Haniel-1-scaled-1-1-1-1-768x1024.jpg\" class=\"attachment-large size-large wp-image-6183\" alt=\"\" srcset=\"\" sizes=\"(max-width: 768px) 100vw, 768px\" data-srcset=\"\" \/>\t\t\t\t\t\t\t\t\t\t\t\t\t\t\t<\/div>\n\t\t\t\t<\/div>\n\t\t\t\t<\/div>\n\t\t<div class=\"elementor-element elementor-element-62081b2 e-con-full e-flex e-con e-child\" data-id=\"62081b2\" data-element_type=\"container\">\n\t\t\t\t<div class=\"elementor-element elementor-element-9d32c9a elementor-widget elementor-widget-text-editor\" data-id=\"9d32c9a\" data-element_type=\"widget\" data-widget_type=\"text-editor.default\">\n\t\t\t\t<div class=\"elementor-widget-container\">\n\t\t\t\t\t\t\t\t\t<p>\u00a0During my courses on Patmos, I offer angelic guidance in individual consultations online and in person. It is thanks to the precious teachings of <a href=\"http:\/\/www.charlesrafaelpayeur.com\/\">dom Charles-Rafa\u00ebl Payeur<\/a> that I was able to acquire, more than twenty years ago, the method for interpreting the messages of the angels. Indeed, knowing our angels more intimately helps us to consciously co-create the new world to which we all aspire.<\/p><p class=\"p1\"><strong>Haniel is my name.<\/strong>It was chosen by my father. He was keen on Christian Kabbalah and he explained to me, when I was still a child, that the archangel Haniel was a very powerful being of light connected to the planet Venus and that I could call upon him\/her daily. Years later, I added the first name <b>Sofia<\/b>, when the Orthodox priest asked me for my new name during my chrismation\u2026 The choice of this first name seemed obvious to me, because it was during my visit to the Hagia Sophia Basilica in Constantinople that I realized the importance of my connection with Orthodoxy.<\/p><p><b>My family heritage \u2013\u00a0<\/b>Despite the fact that I was born in the Paris region, my parents brought with them the colours of different horizons. My mother, a clever blend of Greek and Armenian cultures from Egypt, met my father, who was born in Madagascar but originally from the picturesque island of R\u00e9union. Undoubtedly, this cocktail increased my desire to travel and deepened my appreciation of cultural diversity.<\/p>\t\t\t\t\t\t\t\t<\/div>\n\t\t\t\t<\/div>\n\t\t\t\t<\/div>\n\t\t\t\t\t<\/div>\n\t\t\t\t<\/div>\n\t\t<div class=\"elementor-element elementor-element-1c59503 e-flex e-con-boxed e-con e-parent\" data-id=\"1c59503\" data-element_type=\"container\">\n\t\t\t\t\t<div class=\"e-con-inner\">\n\t\t\t\t<div class=\"elementor-element elementor-element-be5ae89 elementor-widget elementor-widget-button\" data-id=\"be5ae89\" data-element_type=\"widget\" data-widget_type=\"button.default\">\n\t\t\t\t<div class=\"elementor-widget-container\">\n\t\t\t\t\t\t\t\t\t<div class=\"elementor-button-wrapper\">\n\t\t\t\t\t<a class=\"elementor-button elementor-button-link elementor-size-sm\" href=\"https:\/\/hanielsofia.com\/en\/form-contact-newsletter-mailchimp\/\">\n\t\t\t\t\t\t<span class=\"elementor-button-content-wrapper\">\n\t\t\t\t\t\t\t\t\t<span class=\"elementor-button-text\">Subscribe to my newsletter<\/span>\n\t\t\t\t\t<\/span>\n\t\t\t\t\t<\/a>\n\t\t\t\t<\/div>\n\t\t\t\t\t\t\t\t<\/div>\n\t\t\t\t<\/div>\n\t\t\t\t\t<\/div>\n\t\t\t\t<\/div>\n\t\t<div class=\"elementor-element elementor-element-4d14e1e e-flex e-con-boxed e-con e-parent\" data-id=\"4d14e1e\" data-element_type=\"container\">\n\t\t\t\t\t<div class=\"e-con-inner\">\n\t\t\t\t<div class=\"elementor-element elementor-element-708c952 elementor-widget elementor-widget-text-editor\" data-id=\"708c952\" data-element_type=\"widget\" data-widget_type=\"text-editor.default\">\n\t\t\t\t<div class=\"elementor-widget-container\">\n\t\t\t\t\t\t\t\t\t<p><strong>My life journey<\/strong> \u2013 Since I was very young, fragments of past lives have crept into my memories, awakening a spiritual quest within me. At the age of 16, I was confronted with the loss of my older sister, who was 17 years my senior, as well as that of a dear friend, in two tragic accidents that occurred a month apart. By that time, I had already endured many painful instances of abuse. The accumulating trials continued to lead me towards new inner quests. I quickly immersed myself in the study of astrology alongside Solange Mailly Nesle, I explored angelology, I meditated on the archetype of the Tree of Life, I immersed myself in colour therapy, and I discovered the joy that sacred dance brought me. For 20 years, I lived in England, where I taught at the university and where I opened a therapy practice dedicated to our relationship with food. In 2011, shaken by an unexpected divorce after two decades of married life, I left England carrying only two suitcases. I felt the need to go to Greece alone and undertake a conscious spiritual quest. My intuition and angelic guidance led me on this initiatory journey, enabling me to face my numerous fears. After what seemed like an interminable wandering across the country, encountering the darkness of my soul, my journey finally safely took me to the island of Patmos. A benevolent atmosphere and a gentle way of life enveloped me, healing my wounds. Since then, a series of \u201ccoincidences\u201d and synchronicities have continued to occur, and I welcome them with deep gratitude.<\/p>\t\t\t\t\t\t\t\t<\/div>\n\t\t\t\t<\/div>\n\t\t\t\t\t<\/div>\n\t\t\t\t<\/div>\n\t\t\t\t<\/div>","protected":false},"excerpt":{"rendered":"<p>Bienvenue ! Je vous remercie de l&rsquo;int\u00e9r\u00eat que vous portez \u00e0 mes activit\u00e9s. Vous d\u00e9couvrirez ici le programme des stages et p\u00e8lerinages que je propose sur l&rsquo;\u00eele de Patmos et en \u00c9gypte. Depuis l&rsquo;ann\u00e9e 2011, c&rsquo;est \u00e0 Patmos que je r\u00e9side, tandis que mes hivers se d\u00e9roulent \u00e0 Louxor, joyau du sud \u00e9gyptien. Je partage [&hellip;]<\/p>","protected":false},"author":1,"featured_media":0,"parent":0,"menu_order":0,"comment_status":"closed","ping_status":"closed","template":"","meta":{"site-sidebar-layout":"no-sidebar","site-content-layout":"page-builder","ast-site-content-layout":"full-width-container","site-content-style":"unboxed","site-sidebar-style":"unboxed","ast-global-header-display":"","ast-banner-title-visibility":"","ast-main-header-display":"","ast-hfb-above-header-display":"","ast-hfb-below-header-display":"","ast-hfb-mobile-header-display":"","site-post-title":"disabled","ast-breadcrumbs-content":"","ast-featured-img":"disabled","footer-sml-layout":"","theme-transparent-header-meta":"enabled","adv-header-id-meta":"","stick-header-meta":"","header-above-stick-meta":"","header-main-stick-meta":"","header-below-stick-meta":"","astra-migrate-meta-layouts":"set","ast-page-background-enabled":"default","ast-page-background-meta":{"desktop":{"background-color":"","background-image":"","background-repeat":"repeat","background-position":"center center","background-size":"auto","background-attachment":"scroll","background-type":"","background-media":"","overlay-type":"","overlay-color":"","overlay-opacity":"","overlay-gradient":""},"tablet":{"background-color":"","background-image":"","background-repeat":"repeat","background-position":"center center","background-size":"auto","background-attachment":"scroll","background-type":"","background-media":"","overlay-type":"","overlay-color":"","overlay-opacity":"","overlay-gradient":""},"mobile":{"background-color":"","background-image":"","background-repeat":"repeat","background-position":"center center","background-size":"auto","background-attachment":"scroll","background-type":"","background-media":"","overlay-type":"","overlay-color":"","overlay-opacity":"","overlay-gradient":""}},"ast-content-background-meta":{"desktop":{"background-color":"var(--ast-global-color-5)","background-image":"","background-repeat":"repeat","background-position":"center center","background-size":"auto","background-attachment":"scroll","background-type":"","background-media":"","overlay-type":"","overlay-color":"","overlay-opacity":"","overlay-gradient":""},"tablet":{"background-color":"var(--ast-global-color-5)","background-image":"","background-repeat":"repeat","background-position":"center center","background-size":"auto","background-attachment":"scroll","background-type":"","background-media":"","overlay-type":"","overlay-color":"","overlay-opacity":"","overlay-gradient":""},"mobile":{"background-color":"var(--ast-global-color-5)","background-image":"","background-repeat":"repeat","background-position":"center center","background-size":"auto","background-attachment":"scroll","background-type":"","background-media":"","overlay-type":"","overlay-color":"","overlay-opacity":"","overlay-gradient":""}},"episode_type":"","audio_file":"","cover_image":"","cover_image_id":"","duration":"","filesize":"","date_recorded":"","explicit":"","block":"","itunes_episode_number":"","itunes_title":"","itunes_season_number":"","itunes_episode_type":"","filesize_raw":"","footnotes":""},"class_list":["post-4306","page","type-page","status-publish","hentry"],"jetpack_sharing_enabled":true,"_links":{"self":[{"href":"https:\/\/hanielsofia.com\/en\/wp-json\/wp\/v2\/pages\/4306","targetHints":{"allow":["GET"]}}],"collection":[{"href":"https:\/\/hanielsofia.com\/en\/wp-json\/wp\/v2\/pages"}],"about":[{"href":"https:\/\/hanielsofia.com\/en\/wp-json\/wp\/v2\/types\/page"}],"author":[{"embeddable":true,"href":"https:\/\/hanielsofia.com\/en\/wp-json\/wp\/v2\/users\/1"}],"replies":[{"embeddable":true,"href":"https:\/\/hanielsofia.com\/en\/wp-json\/wp\/v2\/comments?post=4306"}],"version-history":[{"count":20,"href":"https:\/\/hanielsofia.com\/en\/wp-json\/wp\/v2\/pages\/4306\/revisions"}],"predecessor-version":[{"id":7488,"href":"https:\/\/hanielsofia.com\/en\/wp-json\/wp\/v2\/pages\/4306\/revisions\/7488"}],"wp:attachment":[{"href":"https:\/\/hanielsofia.com\/en\/wp-json\/wp\/v2\/media?parent=4306"}],"curies":[{"name":"wp","href":"https:\/\/api.w.org\/{rel}","templated":true}]}}