{"id":5844,"date":"2025-06-11T18:37:30","date_gmt":"2025-06-11T18:37:30","guid":{"rendered":"https:\/\/hanielsofia.com\/?page_id=5844"},"modified":"2025-10-07T19:13:23","modified_gmt":"2025-10-07T19:13:23","slug":"prog-louxor","status":"publish","type":"page","link":"https:\/\/hanielsofia.com\/en\/prog-louxor\/","title":{"rendered":"Programme Louxor"},"content":{"rendered":"<div data-elementor-type=\"wp-page\" data-elementor-id=\"5844\" class=\"elementor elementor-5844\">\n\t\t\t\t<div class=\"elementor-element elementor-element-dd3730e e-flex e-con-boxed e-con e-parent\" data-id=\"dd3730e\" data-element_type=\"container\" data-settings=\"{&quot;background_background&quot;:&quot;classic&quot;}\">\n\t\t\t\t\t<div class=\"e-con-inner\">\n\t\t\t\t<div class=\"elementor-element elementor-element-c05b44d elementor-widget elementor-widget-image\" data-id=\"c05b44d\" data-element_type=\"widget\" data-widget_type=\"image.default\">\n\t\t\t\t<div class=\"elementor-widget-container\">\n\t\t\t\t\t\t\t\t\t\t\t\t\t\t\t<img decoding=\"async\" src=\"https:\/\/hanielsofia.com\/wp-content\/uploads\/elementor\/thumbs\/g0f2a3739d3f12124a0d30fecf8d46833d28deb5af2ab057cb3fee05e008ef5068f15ae961ffe4c1395a086159a8b573ac6f8b3f4b1d90a6880c010d7b240bfd0_1280-1744581-r76zljcg56hwcicv9qfiycyaq8fjy22zqusxpjds9o.jpg\" title=\"g0f2a3739d3f12124a0d30fecf8d46833d28deb5af2ab057cb3fee05e008ef5068f15ae961ffe4c1395a086159a8b573ac6f8b3f4b1d90a6880c010d7b240bfd0_1280-1744581\" alt=\"egypt, papyrus, royals, egypt, egypt, egypt, egypt, egypt\" loading=\"lazy\" \/>\t\t\t\t\t\t\t\t\t\t\t\t\t\t\t<\/div>\n\t\t\t\t<\/div>\n\t\t\t\t<div class=\"elementor-element elementor-element-3e8db3c elementor-widget elementor-widget-heading\" data-id=\"3e8db3c\" data-element_type=\"widget\" data-widget_type=\"heading.default\">\n\t\t\t\t<div class=\"elementor-widget-container\">\n\t\t\t\t\t<h2 class=\"elementor-heading-title elementor-size-default\">Detailed programme (delivered in French) <\/h2>\t\t\t\t<\/div>\n\t\t\t\t<\/div>\n\t\t\t\t<div class=\"elementor-element elementor-element-d14e3cd elementor-widget elementor-widget-heading\" data-id=\"d14e3cd\" data-element_type=\"widget\" data-widget_type=\"heading.default\">\n\t\t\t\t<div class=\"elementor-widget-container\">\n\t\t\t\t\t<h2 class=\"elementor-heading-title elementor-size-default\">Discover Upper-Egypt and build your inner temple<\/h2>\t\t\t\t<\/div>\n\t\t\t\t<\/div>\n\t\t\t\t<div class=\"elementor-element elementor-element-ea8b6b0 elementor-widget elementor-widget-text-editor\" data-id=\"ea8b6b0\" data-element_type=\"widget\" data-widget_type=\"text-editor.default\">\n\t\t\t\t<div class=\"elementor-widget-container\">\n\t\t\t\t\t\t\t\t\t<p class=\"p1\"><b>January 18-26, 2026<\/b><\/p>\n<p class=\"p3\"><b>with Haniel Sofia Rivi\u00e8re<\/b><\/p>\t\t\t\t\t\t\t\t<\/div>\n\t\t\t\t<\/div>\n\t\t\t\t\t<\/div>\n\t\t\t\t<\/div>\n\t\t<div class=\"elementor-element elementor-element-33d8491 e-flex e-con-boxed e-con e-parent\" data-id=\"33d8491\" data-element_type=\"container\" data-settings=\"{&quot;background_background&quot;:&quot;classic&quot;}\">\n\t\t\t\t\t<div class=\"e-con-inner\">\n\t\t\t\t<div class=\"elementor-element elementor-element-f722d02 elementor-widget elementor-widget-text-editor\" data-id=\"f722d02\" data-element_type=\"widget\" data-widget_type=\"text-editor.default\">\n\t\t\t\t<div class=\"elementor-widget-container\">\n\t\t\t\t\t\t\t\t\t<p class=\"p1\">Immerse yourself in the origins of our civilization and discover the treasures of beauty, harmony, and wisdom of Pharaonic Egypt. Through our journey, I will offer you traditional spiritual exercises so that you can begin to shift your consciousness and build your inner temple.<\/p>\t\t\t\t\t\t\t\t<\/div>\n\t\t\t\t<\/div>\n\t\t<div class=\"elementor-element elementor-element-daa4419 e-con-full e-flex e-con e-child\" data-id=\"daa4419\" data-element_type=\"container\">\n\t\t\t\t<div class=\"elementor-element elementor-element-763590a elementor-widget elementor-widget-text-editor\" data-id=\"763590a\" data-element_type=\"widget\" data-widget_type=\"text-editor.default\">\n\t\t\t\t<div class=\"elementor-widget-container\">\n\t\t\t\t\t\t\t\t\t<p>\n<div class=\"wpdt-c row wpDataTableContainerSimpleTable wpDataTables wpDataTablesWrapper\"\n    >\n        <table id=\"wpdtSimpleTable-10\"\n           style=\"border-collapse:collapse;                   border-spacing:0px;\"\n           class=\"wpdtSimpleTable wpDataTable\"\n           data-column=\"2\"\n           data-rows=\"10\"\n           data-wpid=\"10\"\n           data-responsive=\"0\"\n           data-has-header=\"0\">\n\n                    <tbody>        <tr class=\"wpdt-cell-row\" >\n                                <td class=\"wpdt-cell wpdt-bc-E1BE91\"\n                                            data-cell-id=\"A1\"\n                    data-col-index=\"0\"\n                    data-row-index=\"0\"\n                    style=\" width:11.093990755008%;                    padding:10px;                    \"\n                    >\n                                        Date                    <\/td>\n                                                <td class=\"wpdt-cell wpdt-bc-E1BE91\"\n                                            data-cell-id=\"B1\"\n                    data-col-index=\"1\"\n                    data-row-index=\"0\"\n                    style=\" width:88.906009244992%;                    padding:10px;                    \"\n                    >\n                                        Programme (delivered in French)                    <\/td>\n                                        <\/tr>\n                            <tr class=\"wpdt-cell-row\" >\n                                <td class=\"wpdt-cell wpdt-bc-F7E5CD\"\n                                            data-cell-id=\"A2\"\n                    data-col-index=\"0\"\n                    data-row-index=\"1\"\n                    style=\"                    padding:10px;                    \"\n                    >\n                                        Sun 18\/01                    <\/td>\n                                                <td class=\"wpdt-cell wpdt-tc-000000 wpdt-bc-F7E5CD wpdt-align-left\"\n                                            data-cell-id=\"B2\"\n                    data-col-index=\"1\"\n                    data-row-index=\"1\"\n                    style=\"                    padding:10px;                    \"\n                    >\n                                        Arrival at Luxor Airport \/\nTransfer to the hotel located in Luxor West \/\nWelcome and introduction to the workshop \/\nDinner at the hotel.                    <\/td>\n                                        <\/tr>\n                            <tr class=\"wpdt-cell-row\" >\n                                <td class=\"wpdt-cell wpdt-bc-F7E5CD\"\n                                            data-cell-id=\"A3\"\n                    data-col-index=\"0\"\n                    data-row-index=\"2\"\n                    style=\"                    padding:10px;                    \"\n                    >\n                                        Mon 19\/01                    <\/td>\n                                                <td class=\"wpdt-cell wpdt-align-left wpdt-bc-F7E5CD\"\n                                            data-cell-id=\"B3\"\n                    data-col-index=\"1\"\n                    data-row-index=\"2\"\n                    style=\"                    padding:10px;                    \"\n                    >\n                                        Breakfast at the hotel \/\nIntroduction to the spirituality of the Ancient Egyptians\nVisit to the temples of Karnak and Luxor \/\nTraditional lunch in the city \/\nWe will return to the hotel in the late afternoon. \/\nDinner at the hotel.                    <\/td>\n                                        <\/tr>\n                            <tr class=\"wpdt-cell-row\" >\n                                <td class=\"wpdt-cell wpdt-bc-F7E5CD\"\n                                            data-cell-id=\"A4\"\n                    data-col-index=\"0\"\n                    data-row-index=\"3\"\n                    style=\"                    padding:10px;                    \"\n                    >\n                                        Tue 20\/01                    <\/td>\n                                                <td class=\"wpdt-cell wpdt-align-left wpdt-bc-F7E5CD\"\n                                            data-cell-id=\"B4\"\n                    data-col-index=\"1\"\n                    data-row-index=\"3\"\n                    style=\"                    padding:10px;                    \"\n                    >\n                                        Breakfast at the hotel \/\nTeaching: The 42 Laws of Maat, Goddess of Truth, or how to pass the test for the afterlife. \/\nVisit to the Valley of the Kings and the tomb of Seti I. \/\nVisit to the mortuary temple of Queen Hatshepsut. \/\nLunch at a local restaurant \/\nVisit to the Colossi of Memnon and the temple of Medinet Habu. \/\nReturn to the hotel in the late afternoon \/\nDinner together.                    <\/td>\n                                        <\/tr>\n                            <tr class=\"wpdt-cell-row\" >\n                                <td class=\"wpdt-cell wpdt-bc-F7E5CD\"\n                                            data-cell-id=\"A5\"\n                    data-col-index=\"0\"\n                    data-row-index=\"4\"\n                    style=\"                    padding:10px;                    \"\n                    >\n                                        Wed 21\/01                    <\/td>\n                                                <td class=\"wpdt-cell wpdt-align-left wpdt-bc-F7E5CD\"\n                                            data-cell-id=\"B5\"\n                    data-col-index=\"1\"\n                    data-row-index=\"4\"\n                    style=\"                    padding:10px;                    \"\n                    >\n                                        Breakfast at the hotel \/\nTeaching: Hathor's message and the vibration of the heart, guided visualisation \/\nDeparture by minibus for a day trip to visit the Dendera temple dedicated to Hathor. \/\nWe will have lunch en route. \/\nWe will return to the hotel in the late afternoon. \/\nDinner at the hotel                    <\/td>\n                                        <\/tr>\n                            <tr class=\"wpdt-cell-row\" >\n                                <td class=\"wpdt-cell wpdt-bc-F7E5CD\"\n                                            data-cell-id=\"A6\"\n                    data-col-index=\"0\"\n                    data-row-index=\"5\"\n                    style=\"                    padding:10px;                    \"\n                    >\n                                        Thu 22\/01                    <\/td>\n                                                <td class=\"wpdt-cell wpdt-align-left wpdt-bc-F7E5CD\"\n                                            data-cell-id=\"B6\"\n                    data-col-index=\"1\"\n                    data-row-index=\"5\"\n                    style=\"                    padding:10px;                    \"\n                    >\n                                        Breakfast at the hotel \/\nTransfer to the Dahabeya, a traditional wooden river boat \/\nTeaching: creation of a sacred structure (Wheel of Life), gateway to our inner self, and guided visualization. \/\nDeparture for the cruise \/\nAll meals will be taken on board. \/\nOvernight on board.                    <\/td>\n                                        <\/tr>\n                            <tr class=\"wpdt-cell-row\" >\n                                <td class=\"wpdt-cell wpdt-bc-F7E5CD\"\n                                            data-cell-id=\"A7\"\n                    data-col-index=\"0\"\n                    data-row-index=\"6\"\n                    style=\"                    padding:10px;                    \"\n                    >\n                                        Fri 23\/01                    <\/td>\n                                                <td class=\"wpdt-cell wpdt-align-left wpdt-bc-F7E5CD\"\n                                            data-cell-id=\"B7\"\n                    data-col-index=\"1\"\n                    data-row-index=\"6\"\n                    style=\"                    padding:10px;                    \"\n                    >\n                                        Breakfast on board \/\nTeaching: The Message of Khnum and guided visualization \/\nVisit to the Temple of Esna, dedicated to Khnum. All meals will be taken on board. \/\nWe will spend the night on board.                    <\/td>\n                                        <\/tr>\n                            <tr class=\"wpdt-cell-row\" >\n                                <td class=\"wpdt-cell wpdt-bc-F7E5CD\"\n                                            data-cell-id=\"A8\"\n                    data-col-index=\"0\"\n                    data-row-index=\"7\"\n                    style=\"                    padding:10px;                    \"\n                    >\n                                        Sat 24\/01                    <\/td>\n                                                <td class=\"wpdt-cell wpdt-align-left wpdt-bc-F7E5CD\"\n                                            data-cell-id=\"B8\"\n                    data-col-index=\"1\"\n                    data-row-index=\"7\"\n                    style=\"                    padding:10px;                    \"\n                    >\n                                        Breakfast on board \/\nOur minibus driver will meet us on the banks of the Nile, about 40 km north of Aswan. \/\nVisit to the Temple of Philae, dedicated to Isis. \/ \nLunch in Aswan \/\nWe will arrive at the hotel in the late afternoon. It is located in a village at the heart of Nubian culture, on Elephantine Island. \/ \nwe will take a meditative stroll through the island's botanical garden. \nDinner and an overnight stay at the hotel.                    <\/td>\n                                        <\/tr>\n                            <tr class=\"wpdt-cell-row\" >\n                                <td class=\"wpdt-cell wpdt-bc-F7E5CD\"\n                                            data-cell-id=\"A9\"\n                    data-col-index=\"0\"\n                    data-row-index=\"8\"\n                    style=\"                    padding:10px;                    \"\n                    >\n                                        Sun 25\/01                    <\/td>\n                                                <td class=\"wpdt-cell wpdt-align-left wpdt-bc-F7E5CD\"\n                                            data-cell-id=\"B9\"\n                    data-col-index=\"1\"\n                    data-row-index=\"8\"\n                    style=\"                    padding:10px;                    \"\n                    >\n                                        Breakfast at the hotel \/\nVisit to the pharaonic site of Elephantine Island \/\nTraditional lunch on the banks of the Nile \/\nVisit to a traditional house transformed into a museum by the local community. \/\nTeaching: Guided viewing of our inner temple. \/\nEnd-of-course sharing.\nDinner and overnight stay at the hotel                    <\/td>\n                                        <\/tr>\n                            <tr class=\"wpdt-cell-row\" >\n                                <td class=\"wpdt-cell wpdt-bc-F7E5CD\"\n                                            data-cell-id=\"A10\"\n                    data-col-index=\"0\"\n                    data-row-index=\"9\"\n                    style=\"                    padding:10px;                    \"\n                    >\n                                        Mon 26\/01                    <\/td>\n                                                <td class=\"wpdt-cell wpdt-align-left wpdt-bc-F7E5CD\"\n                                            data-cell-id=\"B10\"\n                    data-col-index=\"1\"\n                    data-row-index=\"9\"\n                    style=\"                    padding:10px;                    \"\n                    >\n                                        Transfer to Aswan airport for your flight to Cairo.                    <\/td>\n                                        <\/tr>\n                    <\/table>\n<\/div><style id='wpdt-custom-style-10'>\n.wpdt-bc-E1BE91 { background-color: #E1BE91 !important;}\n.wpdt-bc-F7E5CD { background-color: #F7E5CD !important;}\n.wpdt-tc-000000 { color: #000000 !important;}\n<\/style>\n<\/p>\t\t\t\t\t\t\t\t<\/div>\n\t\t\t\t<\/div>\n\t\t\t\t<\/div>\n\t\t\t\t\t<\/div>\n\t\t\t\t<\/div>\n\t\t<div class=\"elementor-element elementor-element-089e603 e-flex e-con-boxed e-con e-parent\" data-id=\"089e603\" data-element_type=\"container\" data-settings=\"{&quot;background_background&quot;:&quot;classic&quot;}\">\n\t\t\t\t\t<div class=\"e-con-inner\">\n\t\t\t\t<div class=\"elementor-element elementor-element-2b977ed elementor-widget elementor-widget-heading\" data-id=\"2b977ed\" data-element_type=\"widget\" data-widget_type=\"heading.default\">\n\t\t\t\t<div class=\"elementor-widget-container\">\n\t\t\t\t\t<h2 class=\"elementor-heading-title elementor-size-default\">Workshop cost <\/h2>\t\t\t\t<\/div>\n\t\t\t\t<\/div>\n\t\t\t\t<div class=\"elementor-element elementor-element-49a7b7c elementor-widget elementor-widget-text-editor\" data-id=\"49a7b7c\" data-element_type=\"widget\" data-widget_type=\"text-editor.default\">\n\t\t\t\t<div class=\"elementor-widget-container\">\n\t\t\t\t\t\t\t\t\t<p class=\"p1\">\u20ac2340, which includes the teaching, the accommodation in a double room to share, all meals, all transfers, all guided tours, and tips.<\/p><p class=\"p2\"><b>Single room supplement <\/b><span class=\"s1\"><b>\u00a0<\/b>\u20ac380<\/span><\/p>\t\t\t\t\t\t\t\t<\/div>\n\t\t\t\t<\/div>\n\t\t\t\t\t<\/div>\n\t\t\t\t<\/div>\n\t\t<div class=\"elementor-element elementor-element-31ced37 e-flex e-con-boxed e-con e-parent\" data-id=\"31ced37\" data-element_type=\"container\" data-settings=\"{&quot;background_background&quot;:&quot;classic&quot;}\">\n\t\t\t\t\t<div class=\"e-con-inner\">\n\t\t\t\t<div class=\"elementor-element elementor-element-3cca92f elementor-widget elementor-widget-heading\" data-id=\"3cca92f\" data-element_type=\"widget\" data-widget_type=\"heading.default\">\n\t\t\t\t<div class=\"elementor-widget-container\">\n\t\t\t\t\t<h2 class=\"elementor-heading-title elementor-size-default\">What is not included<\/h2>\t\t\t\t<\/div>\n\t\t\t\t<\/div>\n\t\t\t\t<div class=\"elementor-element elementor-element-c70be75 elementor-widget elementor-widget-text-editor\" data-id=\"c70be75\" data-element_type=\"widget\" data-widget_type=\"text-editor.default\">\n\t\t\t\t<div class=\"elementor-widget-container\">\n\t\t\t\t\t\t\t\t\t<p>Your international flight, your domestic flight Cairo\u2013Luxor, your travel insurance, your visa (\u20ac25 to be collected upon arrival at Cairo airport), and entry to the sites.<\/p>\t\t\t\t\t\t\t\t<\/div>\n\t\t\t\t<\/div>\n\t\t\t\t\t<\/div>\n\t\t\t\t<\/div>\n\t\t<div class=\"elementor-element elementor-element-fc87a46 e-flex e-con-boxed e-con e-parent\" data-id=\"fc87a46\" data-element_type=\"container\" data-settings=\"{&quot;background_background&quot;:&quot;classic&quot;}\">\n\t\t\t\t\t<div class=\"e-con-inner\">\n\t\t\t\t<div class=\"elementor-element elementor-element-6f97f8f elementor-widget elementor-widget-heading\" data-id=\"6f97f8f\" data-element_type=\"widget\" data-widget_type=\"heading.default\">\n\t\t\t\t<div class=\"elementor-widget-container\">\n\t\t\t\t\t<h2 class=\"elementor-heading-title elementor-size-default\">To register\n<\/h2>\t\t\t\t<\/div>\n\t\t\t\t<\/div>\n\t\t\t\t<div class=\"elementor-element elementor-element-bb1b2c5 elementor-widget elementor-widget-text-editor\" data-id=\"bb1b2c5\" data-element_type=\"widget\" data-widget_type=\"text-editor.default\">\n\t\t\t\t<div class=\"elementor-widget-container\">\n\t\t\t\t\t\t\t\t\t<p class=\"p1\">Contact me <a href=\"mailto:haniel.sofia@me.com\"><span class=\"s1\"><b>haniel.sofia@me.com<\/b><\/span><\/a> pour recevoir une fiche d\u2019inscription.\u00a0 Le maximum de participants est de huit personnes.<\/p>\t\t\t\t\t\t\t\t<\/div>\n\t\t\t\t<\/div>\n\t\t\t\t\t<\/div>\n\t\t\t\t<\/div>\n\t\t<div class=\"elementor-element elementor-element-f339218 e-flex e-con-boxed e-con e-parent\" data-id=\"f339218\" data-element_type=\"container\" data-settings=\"{&quot;background_background&quot;:&quot;classic&quot;}\">\n\t\t\t\t\t<div class=\"e-con-inner\">\n\t\t\t\t<div class=\"elementor-element elementor-element-8838280 elementor-widget elementor-widget-heading\" data-id=\"8838280\" data-element_type=\"widget\" data-widget_type=\"heading.default\">\n\t\t\t\t<div class=\"elementor-widget-container\">\n\t\t\t\t\t<h2 class=\"elementor-heading-title elementor-size-default\">Registration deadline\n<\/h2>\t\t\t\t<\/div>\n\t\t\t\t<\/div>\n\t\t\t\t<div class=\"elementor-element elementor-element-4cb2766 elementor-widget elementor-widget-text-editor\" data-id=\"4cb2766\" data-element_type=\"widget\" data-widget_type=\"text-editor.default\">\n\t\t\t\t<div class=\"elementor-widget-container\">\n\t\t\t\t\t\t\t\t\t<p class=\"p1\">For registrations, please send me the deposit of \u20ac1000 on registratio9n and before August 30, 2025 and the balance of \u20ac1340 must be paid before September 30, 2025<\/p>\t\t\t\t\t\t\t\t<\/div>\n\t\t\t\t<\/div>\n\t\t\t\t<div class=\"elementor-element elementor-element-038334c elementor-widget elementor-widget-heading\" data-id=\"038334c\" data-element_type=\"widget\" data-widget_type=\"heading.default\">\n\t\t\t\t<div class=\"elementor-widget-container\">\n\t\t\t\t\t<h2 class=\"elementor-heading-title elementor-size-default\">This is the roadmap for your journey...<\/h2>\t\t\t\t<\/div>\n\t\t\t\t<\/div>\n\t\t\t\t\t<\/div>\n\t\t\t\t<\/div>\n\t\t<div class=\"elementor-element elementor-element-3b61606 e-flex e-con-boxed e-con e-parent\" data-id=\"3b61606\" data-element_type=\"container\" data-settings=\"{&quot;background_background&quot;:&quot;classic&quot;}\">\n\t\t\t\t\t<div class=\"e-con-inner\">\n\t\t\t\t<div class=\"elementor-element elementor-element-292ab65 elementor-widget elementor-widget-google_maps\" data-id=\"292ab65\" data-element_type=\"widget\" data-widget_type=\"google_maps.default\">\n\t\t\t\t<div class=\"elementor-widget-container\">\n\t\t\t\t\t\t\t<div class=\"elementor-custom-embed\">\n\t\t\t<iframe loading=\"lazy\"\n\t\t\t\t\tsrc=\"https:\/\/maps.google.com\/maps?q=louxor%20aswan&#038;t=m&#038;z=10&#038;output=embed&#038;iwloc=near\"\n\t\t\t\t\ttitle=\"louxor aswan\"\n\t\t\t\t\taria-label=\"louxor aswan\"\n\t\t\t><\/iframe>\n\t\t<\/div>\n\t\t\t\t\t\t<\/div>\n\t\t\t\t<\/div>\n\t\t\t\t\t<\/div>\n\t\t\t\t<\/div>\n\t\t\t\t<\/div>","protected":false},"excerpt":{"rendered":"<p>Programme d\u00e9taill\u00e9 D\u00e9couvrez la Haute-Egypte et construisez votre temple int\u00e9rieur 18 &#8211; 26 Janvier 2026 Avec Haniel Sofia Rivi\u00e8re Partez \u00e0 la d\u00e9couverte des tr\u00e9sors de beaut\u00e9, d&rsquo;harmonie et de sagesse de l&rsquo;\u00c9gypte pharaonique pour vous ressourcer et vous plonger dans les origines de notre civilisation. Je vous proposerai \u00e0 travers notre cheminement des exercices [&hellip;]<\/p>","protected":false},"author":1,"featured_media":0,"parent":0,"menu_order":0,"comment_status":"closed","ping_status":"closed","template":"","meta":{"site-sidebar-layout":"no-sidebar","site-content-layout":"page-builder","ast-site-content-layout":"full-width-container","site-content-style":"unboxed","site-sidebar-style":"unboxed","ast-global-header-display":"","ast-banner-title-visibility":"","ast-main-header-display":"","ast-hfb-above-header-display":"","ast-hfb-below-header-display":"","ast-hfb-mobile-header-display":"","site-post-title":"disabled","ast-breadcrumbs-content":"","ast-featured-img":"disabled","footer-sml-layout":"","theme-transparent-header-meta":"default","adv-header-id-meta":"","stick-header-meta":"","header-above-stick-meta":"","header-main-stick-meta":"","header-below-stick-meta":"","astra-migrate-meta-layouts":"set","ast-page-background-enabled":"default","ast-page-background-meta":{"desktop":{"background-color":"","background-image":"","background-repeat":"repeat","background-position":"center center","background-size":"auto","background-attachment":"scroll","background-type":"","background-media":"","overlay-type":"","overlay-color":"","overlay-opacity":"","overlay-gradient":""},"tablet":{"background-color":"","background-image":"","background-repeat":"repeat","background-position":"center center","background-size":"auto","background-attachment":"scroll","background-type":"","background-media":"","overlay-type":"","overlay-color":"","overlay-opacity":"","overlay-gradient":""},"mobile":{"background-color":"","background-image":"","background-repeat":"repeat","background-position":"center center","background-size":"auto","background-attachment":"scroll","background-type":"","background-media":"","overlay-type":"","overlay-color":"","overlay-opacity":"","overlay-gradient":""}},"ast-content-background-meta":{"desktop":{"background-color":"var(--ast-global-color-5)","background-image":"","background-repeat":"repeat","background-position":"center center","background-size":"auto","background-attachment":"scroll","background-type":"","background-media":"","overlay-type":"","overlay-color":"","overlay-opacity":"","overlay-gradient":""},"tablet":{"background-color":"var(--ast-global-color-5)","background-image":"","background-repeat":"repeat","background-position":"center center","background-size":"auto","background-attachment":"scroll","background-type":"","background-media":"","overlay-type":"","overlay-color":"","overlay-opacity":"","overlay-gradient":""},"mobile":{"background-color":"var(--ast-global-color-5)","background-image":"","background-repeat":"repeat","background-position":"center center","background-size":"auto","background-attachment":"scroll","background-type":"","background-media":"","overlay-type":"","overlay-color":"","overlay-opacity":"","overlay-gradient":""}},"episode_type":"","audio_file":"","cover_image":"","cover_image_id":"","duration":"","filesize":"","date_recorded":"","explicit":"","block":"","itunes_episode_number":"","itunes_title":"","itunes_season_number":"","itunes_episode_type":"","filesize_raw":"","footnotes":""},"class_list":["post-5844","page","type-page","status-publish","hentry"],"jetpack_sharing_enabled":true,"_links":{"self":[{"href":"https:\/\/hanielsofia.com\/en\/wp-json\/wp\/v2\/pages\/5844","targetHints":{"allow":["GET"]}}],"collection":[{"href":"https:\/\/hanielsofia.com\/en\/wp-json\/wp\/v2\/pages"}],"about":[{"href":"https:\/\/hanielsofia.com\/en\/wp-json\/wp\/v2\/types\/page"}],"author":[{"embeddable":true,"href":"https:\/\/hanielsofia.com\/en\/wp-json\/wp\/v2\/users\/1"}],"replies":[{"embeddable":true,"href":"https:\/\/hanielsofia.com\/en\/wp-json\/wp\/v2\/comments?post=5844"}],"version-history":[{"count":20,"href":"https:\/\/hanielsofia.com\/en\/wp-json\/wp\/v2\/pages\/5844\/revisions"}],"predecessor-version":[{"id":7498,"href":"https:\/\/hanielsofia.com\/en\/wp-json\/wp\/v2\/pages\/5844\/revisions\/7498"}],"wp:attachment":[{"href":"https:\/\/hanielsofia.com\/en\/wp-json\/wp\/v2\/media?parent=5844"}],"curies":[{"name":"wp","href":"https:\/\/api.w.org\/{rel}","templated":true}]}}