{"id":5941,"date":"2025-06-11T18:37:30","date_gmt":"2025-06-11T18:37:30","guid":{"rendered":"https:\/\/hanielsofia.com\/?page_id=5941"},"modified":"2025-06-14T13:44:29","modified_gmt":"2025-06-14T13:44:29","slug":"prog-gpt-25-26","status":"publish","type":"page","link":"https:\/\/hanielsofia.com\/en\/prog-gpt-25-26\/","title":{"rendered":"Programme recap gpt"},"content":{"rendered":"<div data-elementor-type=\"wp-page\" data-elementor-id=\"5941\" class=\"elementor elementor-5941\">\n\t\t\t\t<div class=\"elementor-element elementor-element-dd3730e e-flex e-con-boxed e-con e-parent\" data-id=\"dd3730e\" data-element_type=\"container\" data-settings=\"{&quot;background_background&quot;:&quot;classic&quot;}\">\n\t\t\t\t\t<div class=\"e-con-inner\">\n\t\t\t\t<div class=\"elementor-element elementor-element-3e8db3c elementor-widget elementor-widget-heading\" data-id=\"3e8db3c\" data-element_type=\"widget\" data-widget_type=\"heading.default\">\n\t\t\t\t<div class=\"elementor-widget-container\">\n\t\t\t\t\t<h2 class=\"elementor-heading-title elementor-size-default\">workshops program (delivered in French) <\/h2>\t\t\t\t<\/div>\n\t\t\t\t<\/div>\n\t\t\t\t\t<\/div>\n\t\t\t\t<\/div>\n\t\t<div class=\"elementor-element elementor-element-151dbea e-flex e-con-boxed e-con e-parent\" data-id=\"151dbea\" data-element_type=\"container\" data-settings=\"{&quot;background_background&quot;:&quot;classic&quot;}\">\n\t\t\t\t\t<div class=\"e-con-inner\">\n\t\t\t\t<div class=\"elementor-element elementor-element-f4ee72a elementor-widget elementor-widget-heading\" data-id=\"f4ee72a\" data-element_type=\"widget\" data-widget_type=\"heading.default\">\n\t\t\t\t<div class=\"elementor-widget-container\">\n\t\t\t\t\t<h2 class=\"elementor-heading-title elementor-size-default\">Egypt 2025\/2026 <\/h2>\t\t\t\t<\/div>\n\t\t\t\t<\/div>\n\t\t\t\t<div class=\"elementor-element elementor-element-d297f63 elementor-widget elementor-widget-eael-advanced-data-table\" data-id=\"d297f63\" data-element_type=\"widget\" data-widget_type=\"eael-advanced-data-table.default\">\n\t\t\t\t<div class=\"elementor-widget-container\">\n\t\t\t\t\t<div class=\"ea-advanced-data-table-wrap\" data-id=\"d297f63\"><div class=\"ea-advanced-data-table-wrap-inner\">\n                <table class=\"ea-advanced-data-table ea-advanced-data-table-static ea-advanced-data-table-d297f63\" data-id=\"d297f63\"><thead><\/thead><tbody><tr><td><p>November 23-30, 2025<\/p><\/td><td><p><a href=\"\/en\/prog-desert\/\" target=\"_blank\">Meditate in the deserts and oases of Egypt<\/a><\/p><\/td><td><\/td><\/tr><tr><td><p>January 18-26, 2026<\/p><\/td><td><p><a href=\"\/en\/prog-louxor\/\" target=\"_blank\">Discover Upper-Egypt and build your inner temple&nbsp;<\/a><\/p><\/td><td><\/td><\/tr><tr><td><p>February 19 - March 2, 2026<\/p><\/td><td><p><a href=\"\/en\/prog-saintef\/\" target=\"_blank\">Walk in the footsteps of the Holy Family<\/a><\/p><\/td><td><\/td><\/tr><tr><td><\/td><td><\/td><td><\/td><\/tr><\/tbody><\/table>\n            <\/div><\/div>\t\t\t\t<\/div>\n\t\t\t\t<\/div>\n\t\t\t\t\t<\/div>\n\t\t\t\t<\/div>\n\t\t\t\t<\/div>","protected":false},"excerpt":{"rendered":"<p>Programme stages egypte 2025 \/ 2026 23 &#8211; 30 nov 2025 M\u00e9ditez dans les d\u00e9serts et Oasis d&rsquo;Egypte 18 -26 jan 2026 D\u00e9couvrez la Haute-Egypte et construisez votre temple int\u00e9rieur&nbsp; 19 fev &#8211; 02 mars 2026 Marchez sur les pas de la sainte famille<\/p>","protected":false},"author":1,"featured_media":0,"parent":0,"menu_order":0,"comment_status":"closed","ping_status":"closed","template":"","meta":{"site-sidebar-layout":"no-sidebar","site-content-layout":"page-builder","ast-site-content-layout":"full-width-container","site-content-style":"unboxed","site-sidebar-style":"unboxed","ast-global-header-display":"","ast-banner-title-visibility":"","ast-main-header-display":"","ast-hfb-above-header-display":"","ast-hfb-below-header-display":"","ast-hfb-mobile-header-display":"","site-post-title":"disabled","ast-breadcrumbs-content":"","ast-featured-img":"disabled","footer-sml-layout":"","theme-transparent-header-meta":"default","adv-header-id-meta":"","stick-header-meta":"","header-above-stick-meta":"","header-main-stick-meta":"","header-below-stick-meta":"","astra-migrate-meta-layouts":"set","ast-page-background-enabled":"default","ast-page-background-meta":{"desktop":{"background-color":"","background-image":"","background-repeat":"repeat","background-position":"center center","background-size":"auto","background-attachment":"scroll","background-type":"","background-media":"","overlay-type":"","overlay-color":"","overlay-opacity":"","overlay-gradient":""},"tablet":{"background-color":"","background-image":"","background-repeat":"repeat","background-position":"center center","background-size":"auto","background-attachment":"scroll","background-type":"","background-media":"","overlay-type":"","overlay-color":"","overlay-opacity":"","overlay-gradient":""},"mobile":{"background-color":"","background-image":"","background-repeat":"repeat","background-position":"center center","background-size":"auto","background-attachment":"scroll","background-type":"","background-media":"","overlay-type":"","overlay-color":"","overlay-opacity":"","overlay-gradient":""}},"ast-content-background-meta":{"desktop":{"background-color":"var(--ast-global-color-5)","background-image":"","background-repeat":"repeat","background-position":"center center","background-size":"auto","background-attachment":"scroll","background-type":"","background-media":"","overlay-type":"","overlay-color":"","overlay-opacity":"","overlay-gradient":""},"tablet":{"background-color":"var(--ast-global-color-5)","background-image":"","background-repeat":"repeat","background-position":"center center","background-size":"auto","background-attachment":"scroll","background-type":"","background-media":"","overlay-type":"","overlay-color":"","overlay-opacity":"","overlay-gradient":""},"mobile":{"background-color":"var(--ast-global-color-5)","background-image":"","background-repeat":"repeat","background-position":"center center","background-size":"auto","background-attachment":"scroll","background-type":"","background-media":"","overlay-type":"","overlay-color":"","overlay-opacity":"","overlay-gradient":""}},"episode_type":"","audio_file":"","cover_image":"","cover_image_id":"","duration":"","filesize":"","date_recorded":"","explicit":"","block":"","itunes_episode_number":"","itunes_title":"","itunes_season_number":"","itunes_episode_type":"","filesize_raw":"","footnotes":""},"class_list":["post-5941","page","type-page","status-publish","hentry"],"jetpack_sharing_enabled":true,"_links":{"self":[{"href":"https:\/\/hanielsofia.com\/en\/wp-json\/wp\/v2\/pages\/5941","targetHints":{"allow":["GET"]}}],"collection":[{"href":"https:\/\/hanielsofia.com\/en\/wp-json\/wp\/v2\/pages"}],"about":[{"href":"https:\/\/hanielsofia.com\/en\/wp-json\/wp\/v2\/types\/page"}],"author":[{"embeddable":true,"href":"https:\/\/hanielsofia.com\/en\/wp-json\/wp\/v2\/users\/1"}],"replies":[{"embeddable":true,"href":"https:\/\/hanielsofia.com\/en\/wp-json\/wp\/v2\/comments?post=5941"}],"version-history":[{"count":20,"href":"https:\/\/hanielsofia.com\/en\/wp-json\/wp\/v2\/pages\/5941\/revisions"}],"predecessor-version":[{"id":6675,"href":"https:\/\/hanielsofia.com\/en\/wp-json\/wp\/v2\/pages\/5941\/revisions\/6675"}],"wp:attachment":[{"href":"https:\/\/hanielsofia.com\/en\/wp-json\/wp\/v2\/media?parent=5941"}],"curies":[{"name":"wp","href":"https:\/\/api.w.org\/{rel}","templated":true}]}}