{"id":6626,"date":"2025-06-11T18:37:30","date_gmt":"2025-06-11T18:37:30","guid":{"rendered":"https:\/\/hanielsofia.com\/?page_id=6626"},"modified":"2025-06-14T13:43:21","modified_gmt":"2025-06-14T13:43:21","slug":"prog-patmos-25-26","status":"publish","type":"page","link":"https:\/\/hanielsofia.com\/en\/prog-patmos-25-26\/","title":{"rendered":"Programme recap patmos"},"content":{"rendered":"<div data-elementor-type=\"wp-page\" data-elementor-id=\"6626\" class=\"elementor elementor-6626\">\n\t\t\t\t<div class=\"elementor-element elementor-element-dd3730e e-flex e-con-boxed e-con e-parent\" data-id=\"dd3730e\" data-element_type=\"container\" data-settings=\"{&quot;background_background&quot;:&quot;classic&quot;}\">\n\t\t\t\t\t<div class=\"e-con-inner\">\n\t\t\t\t<div class=\"elementor-element elementor-element-3e8db3c elementor-widget elementor-widget-heading\" data-id=\"3e8db3c\" data-element_type=\"widget\" data-widget_type=\"heading.default\">\n\t\t\t\t<div class=\"elementor-widget-container\">\n\t\t\t\t\t<h2 class=\"elementor-heading-title elementor-size-default\">Programme (delivered in French) <\/h2>\t\t\t\t<\/div>\n\t\t\t\t<\/div>\n\t\t\t\t\t<\/div>\n\t\t\t\t<\/div>\n\t\t<div class=\"elementor-element elementor-element-151dbea e-flex e-con-boxed e-con e-parent\" data-id=\"151dbea\" data-element_type=\"container\" data-settings=\"{&quot;background_background&quot;:&quot;classic&quot;}\">\n\t\t\t\t\t<div class=\"e-con-inner\">\n\t\t\t\t<div class=\"elementor-element elementor-element-f4ee72a elementor-widget elementor-widget-heading\" data-id=\"f4ee72a\" data-element_type=\"widget\" data-widget_type=\"heading.default\">\n\t\t\t\t<div class=\"elementor-widget-container\">\n\t\t\t\t\t<h2 class=\"elementor-heading-title elementor-size-default\">Patmos workshops  2025 \/ 2026 <\/h2>\t\t\t\t<\/div>\n\t\t\t\t<\/div>\n\t\t\t\t<div class=\"elementor-element elementor-element-eaaffb6 elementor-widget elementor-widget-spacer\" data-id=\"eaaffb6\" data-element_type=\"widget\" data-widget_type=\"spacer.default\">\n\t\t\t\t<div class=\"elementor-widget-container\">\n\t\t\t\t\t\t\t<div class=\"elementor-spacer\">\n\t\t\t<div class=\"elementor-spacer-inner\"><\/div>\n\t\t<\/div>\n\t\t\t\t\t\t<\/div>\n\t\t\t\t<\/div>\n\t\t\t\t\t<\/div>\n\t\t\t\t<\/div>\n\t\t<div class=\"elementor-element elementor-element-fa4b5e3 e-flex e-con-boxed e-con e-parent\" data-id=\"fa4b5e3\" data-element_type=\"container\">\n\t\t\t\t\t<div class=\"e-con-inner\">\n\t\t\t\t<div class=\"elementor-element elementor-element-8b3b08c elementor-widget elementor-widget-text-editor\" data-id=\"8b3b08c\" data-element_type=\"widget\" data-widget_type=\"text-editor.default\">\n\t\t\t\t<div class=\"elementor-widget-container\">\n\t\t\t\t\t\t\t\t\t<p>\n<div class=\"wpdt-c row wpDataTableContainerSimpleTable wpDataTables wpDataTablesWrapper\"\n    >\n        <table id=\"wpdtSimpleTable-8\"\n           style=\"border-collapse:collapse;                   border-spacing:0px;\"\n           class=\"wpdtSimpleTable wpDataTable\"\n           data-column=\"2\"\n           data-rows=\"7\"\n           data-wpid=\"8\"\n           data-responsive=\"0\"\n           data-has-header=\"0\">\n\n                    <tbody>        <tr class=\"wpdt-cell-row\" >\n                                <td class=\"wpdt-cell wpdt-align-left wpdt-bc-E1BE91\"\n                                            data-cell-id=\"A1\"\n                    data-col-index=\"0\"\n                    data-row-index=\"0\"\n                    style=\" width:32.830820770519%;                    padding:10px;                    \"\n                    >\n                                        Date                    <\/td>\n                                                <td class=\"wpdt-cell wpdt-align-left wpdt-bc-E1BE91\"\n                                            data-cell-id=\"B1\"\n                    data-col-index=\"1\"\n                    data-row-index=\"0\"\n                    style=\" width:67.169179229481%;                    padding:10px;                    \"\n                    >\n                                        Workshops                    <\/td>\n                                        <\/tr>\n                            <tr class=\"wpdt-cell-row\" >\n                                <td class=\"wpdt-cell wpdt-align-left wpdt-bc-C0E6E9\"\n                                            data-cell-id=\"A2\"\n                    data-col-index=\"0\"\n                    data-row-index=\"1\"\n                    style=\"                    padding:10px;                    \"\n                    >\n                                        Oct 7-14,  2025                    <\/td>\n                                                <td class=\"wpdt-cell wpdt-align-left wpdt-bc-C0E6E9\"\n                                            data-cell-id=\"B2\"\n                    data-col-index=\"1\"\n                    data-row-index=\"1\"\n                    style=\"                    padding:10px;                    \"\n                    >\n                                        <a class=\"wpdt-link-content\" href=\"https:\/\/hanielsofia.com\/en\/prog-jean\/\"  rel=\"\" target=\"_self\" data-cell-id=\"11\" data-link-url=\"https:\/\/hanielsofia.com\/prog-jean\/\" data-link-text=\"Les messages initiatiques de saint Jean\" data-link-target=\"0\" data-link-nofollow=\"0\" data-link-noreferrer=\"0\" data-link-sponsored=\"0\" data-link-btn-status=\"0\" data-link-btn-class=\"\" data-link-content=\"wpdt-link-content\">The initiatory messages of Saint John<\/a>                    <\/td>\n                                        <\/tr>\n                            <tr class=\"wpdt-cell-row\" >\n                                <td class=\"wpdt-cell wpdt-align-left wpdt-bc-C0E6E9\"\n                                            data-cell-id=\"A3\"\n                    data-col-index=\"0\"\n                    data-row-index=\"2\"\n                    style=\"                    padding:10px;                    \"\n                    >\n                                        April 7-14, 2026                    <\/td>\n                                                <td class=\"wpdt-cell wpdt-align-left wpdt-bc-C0E6E9\"\n                                            data-cell-id=\"B3\"\n                    data-col-index=\"1\"\n                    data-row-index=\"2\"\n                    style=\"                    padding:10px;                    \"\n                    >\n                                        <a class=\"wpdt-link-content\" href=\"https:\/\/hanielsofia.com\/en\/prog-paques\/\"  rel=\"\" target=\"_self\" data-cell-id=\"21\" data-link-url=\"https:\/\/hanielsofia.com\/prog-paques\/\" data-link-text=\"Vivre la P\u00e2ques Orthodoxe \u00e0 Patmos\" data-link-target=\"0\" data-link-nofollow=\"0\" data-link-noreferrer=\"0\" data-link-sponsored=\"0\" data-link-btn-status=\"0\" data-link-btn-class=\"\" data-link-content=\"wpdt-link-content\">Experiencing Orthodox Easter on Patmos<\/a>                    <\/td>\n                                        <\/tr>\n                            <tr class=\"wpdt-cell-row\" >\n                                <td class=\"wpdt-cell wpdt-align-left wpdt-bc-C0E6E9\"\n                                            data-cell-id=\"A4\"\n                    data-col-index=\"0\"\n                    data-row-index=\"3\"\n                    style=\"                    padding:10px;                    \"\n                    >\n                                        May 5-12, 2026                    <\/td>\n                                                <td class=\"wpdt-cell wpdt-align-left wpdt-bc-C0E6E9\"\n                                            data-cell-id=\"B4\"\n                    data-col-index=\"1\"\n                    data-row-index=\"3\"\n                    style=\"                    padding:10px;                    \"\n                    >\n                                        <a class=\"wpdt-link-content\" href=\"https:\/\/hanielsofia.com\/en\/prog-marie\/\"  rel=\"\" target=\"_self\" data-cell-id=\"31\" data-link-url=\"https:\/\/hanielsofia.com\/prog-marie\/\" data-link-text=\"La vierge Marie, reine des anges\" data-link-target=\"0\" data-link-nofollow=\"0\" data-link-noreferrer=\"0\" data-link-sponsored=\"0\" data-link-btn-status=\"0\" data-link-btn-class=\"\" data-link-content=\"wpdt-link-content\">The Virgin Mary, Queen of Angels<\/a>                    <\/td>\n                                        <\/tr>\n                            <tr class=\"wpdt-cell-row\" >\n                                <td class=\"wpdt-cell wpdt-align-left wpdt-bc-C0E6E9\"\n                                            data-cell-id=\"A5\"\n                    data-col-index=\"0\"\n                    data-row-index=\"4\"\n                    style=\"                    padding:10px;                    \"\n                    >\n                                        June 17-24, 2026                    <\/td>\n                                                <td class=\"wpdt-cell wpdt-align-left wpdt-bc-C0E6E9\"\n                                            data-cell-id=\"B5\"\n                    data-col-index=\"1\"\n                    data-row-index=\"4\"\n                    style=\"                    padding:10px;                    \"\n                    >\n                                        <a class=\"wpdt-link-content\" href=\"https:\/\/hanielsofia.com\/en\/prog-mikael\/\"  rel=\"\" target=\"_self\" data-cell-id=\"41\" data-link-url=\"https:\/\/hanielsofia.com\/prog-mikael\/\" data-link-text=\"L&#x27;archange Mikael, protecteur de l&#x27;humanit\u00e9\" data-link-target=\"0\" data-link-nofollow=\"0\" data-link-noreferrer=\"0\" data-link-sponsored=\"0\" data-link-btn-status=\"0\" data-link-btn-class=\"\" data-link-content=\"wpdt-link-content\">Archangel Michael, protector of humanity<\/a>                    <\/td>\n                                        <\/tr>\n                            <tr class=\"wpdt-cell-row\" >\n                                <td class=\"wpdt-cell wpdt-align-left wpdt-bc-C0E6E9\"\n                                            data-cell-id=\"A6\"\n                    data-col-index=\"0\"\n                    data-row-index=\"5\"\n                    style=\"                    padding:10px;                    \"\n                    >\n                                        Sept 15\u201322, 2026                    <\/td>\n                                                <td class=\"wpdt-cell wpdt-align-left wpdt-bc-C0E6E9\"\n                                            data-cell-id=\"B6\"\n                    data-col-index=\"1\"\n                    data-row-index=\"5\"\n                    style=\"                    padding:10px;                    \"\n                    >\n                                        <a class=\"wpdt-link-content\" href=\"https:\/\/hanielsofia.com\/en\/prog-apoc\/\"  rel=\"\" target=\"_self\" data-cell-id=\"51\" data-link-url=\"https:\/\/hanielsofia.com\/prog-apoc\/\" data-link-text=\"L&#x27;Apocalypse de saint Jean, trait\u00e9 d&#x27;alchimie spirituelle\" data-link-target=\"0\" data-link-nofollow=\"0\" data-link-noreferrer=\"0\" data-link-sponsored=\"0\" data-link-btn-status=\"0\" data-link-btn-class=\"\" data-link-content=\"wpdt-link-content\">The Apocalypse of Saint John, a treatise on spiritual alchemy<\/a>                    <\/td>\n                                        <\/tr>\n                            <tr class=\"wpdt-cell-row\" >\n                                <td class=\"wpdt-cell wpdt-align-left wpdt-bc-C0E6E9\"\n                                            data-cell-id=\"A7\"\n                    data-col-index=\"0\"\n                    data-row-index=\"6\"\n                    style=\"                    padding:10px;                    \"\n                    >\n                                        Sept 29 to Oct 6, 2026                    <\/td>\n                                                <td class=\"wpdt-cell wpdt-align-left wpdt-bc-C0E6E9\"\n                                            data-cell-id=\"B7\"\n                    data-col-index=\"1\"\n                    data-row-index=\"6\"\n                    style=\"                    padding:10px;                    \"\n                    >\n                                        <a class=\"wpdt-link-content\" href=\"https:\/\/hanielsofia.com\/en\/prog-guides\/\"  rel=\"\" target=\"_self\" data-cell-id=\"61\" data-link-url=\"https:\/\/hanielsofia.com\/prog-guides\/\" data-link-text=\"Comment acc\u00e9der \u00e0 nos guides ang\u00e9liques\" data-link-target=\"0\" data-link-nofollow=\"0\" data-link-noreferrer=\"0\" data-link-sponsored=\"0\" data-link-btn-status=\"0\" data-link-btn-class=\"\" data-link-content=\"wpdt-link-content\">How to access our angelic guides<\/a>                    <\/td>\n                                        <\/tr>\n                    <\/table>\n<\/div><style id='wpdt-custom-style-8'>\n.wpdt-bc-E1BE91 { background-color: #E1BE91 !important;}\n.wpdt-bc-C0E6E9 { background-color: #C0E6E9 !important;}\n<\/style>\n<\/p>\t\t\t\t\t\t\t\t<\/div>\n\t\t\t\t<\/div>\n\t\t\t\t\t<\/div>\n\t\t\t\t<\/div>\n\t\t\t\t<\/div>","protected":false},"excerpt":{"rendered":"<p>Programme stage pATMOS 2025 \/ 2026<\/p>","protected":false},"author":1,"featured_media":0,"parent":0,"menu_order":0,"comment_status":"closed","ping_status":"closed","template":"","meta":{"site-sidebar-layout":"no-sidebar","site-content-layout":"page-builder","ast-site-content-layout":"full-width-container","site-content-style":"unboxed","site-sidebar-style":"unboxed","ast-global-header-display":"","ast-banner-title-visibility":"","ast-main-header-display":"","ast-hfb-above-header-display":"","ast-hfb-below-header-display":"","ast-hfb-mobile-header-display":"","site-post-title":"disabled","ast-breadcrumbs-content":"","ast-featured-img":"disabled","footer-sml-layout":"","theme-transparent-header-meta":"default","adv-header-id-meta":"","stick-header-meta":"","header-above-stick-meta":"","header-main-stick-meta":"","header-below-stick-meta":"","astra-migrate-meta-layouts":"set","ast-page-background-enabled":"default","ast-page-background-meta":{"desktop":{"background-color":"","background-image":"","background-repeat":"repeat","background-position":"center center","background-size":"auto","background-attachment":"scroll","background-type":"","background-media":"","overlay-type":"","overlay-color":"","overlay-opacity":"","overlay-gradient":""},"tablet":{"background-color":"","background-image":"","background-repeat":"repeat","background-position":"center center","background-size":"auto","background-attachment":"scroll","background-type":"","background-media":"","overlay-type":"","overlay-color":"","overlay-opacity":"","overlay-gradient":""},"mobile":{"background-color":"","background-image":"","background-repeat":"repeat","background-position":"center center","background-size":"auto","background-attachment":"scroll","background-type":"","background-media":"","overlay-type":"","overlay-color":"","overlay-opacity":"","overlay-gradient":""}},"ast-content-background-meta":{"desktop":{"background-color":"var(--ast-global-color-5)","background-image":"","background-repeat":"repeat","background-position":"center center","background-size":"auto","background-attachment":"scroll","background-type":"","background-media":"","overlay-type":"","overlay-color":"","overlay-opacity":"","overlay-gradient":""},"tablet":{"background-color":"var(--ast-global-color-5)","background-image":"","background-repeat":"repeat","background-position":"center center","background-size":"auto","background-attachment":"scroll","background-type":"","background-media":"","overlay-type":"","overlay-color":"","overlay-opacity":"","overlay-gradient":""},"mobile":{"background-color":"var(--ast-global-color-5)","background-image":"","background-repeat":"repeat","background-position":"center center","background-size":"auto","background-attachment":"scroll","background-type":"","background-media":"","overlay-type":"","overlay-color":"","overlay-opacity":"","overlay-gradient":""}},"episode_type":"","audio_file":"","cover_image":"","cover_image_id":"","duration":"","filesize":"","date_recorded":"","explicit":"","block":"","itunes_episode_number":"","itunes_title":"","itunes_season_number":"","itunes_episode_type":"","filesize_raw":"","footnotes":""},"class_list":["post-6626","page","type-page","status-publish","hentry"],"jetpack_sharing_enabled":true,"_links":{"self":[{"href":"https:\/\/hanielsofia.com\/en\/wp-json\/wp\/v2\/pages\/6626","targetHints":{"allow":["GET"]}}],"collection":[{"href":"https:\/\/hanielsofia.com\/en\/wp-json\/wp\/v2\/pages"}],"about":[{"href":"https:\/\/hanielsofia.com\/en\/wp-json\/wp\/v2\/types\/page"}],"author":[{"embeddable":true,"href":"https:\/\/hanielsofia.com\/en\/wp-json\/wp\/v2\/users\/1"}],"replies":[{"embeddable":true,"href":"https:\/\/hanielsofia.com\/en\/wp-json\/wp\/v2\/comments?post=6626"}],"version-history":[{"count":19,"href":"https:\/\/hanielsofia.com\/en\/wp-json\/wp\/v2\/pages\/6626\/revisions"}],"predecessor-version":[{"id":6672,"href":"https:\/\/hanielsofia.com\/en\/wp-json\/wp\/v2\/pages\/6626\/revisions\/6672"}],"wp:attachment":[{"href":"https:\/\/hanielsofia.com\/en\/wp-json\/wp\/v2\/media?parent=6626"}],"curies":[{"name":"wp","href":"https:\/\/api.w.org\/{rel}","templated":true}]}}